{"id":1564,"date":"2016-12-09T16:45:32","date_gmt":"2016-12-09T15:45:32","guid":{"rendered":"http:\/\/www.neyret.com\/en\/?page_id=1564"},"modified":"2021-07-27T09:25:02","modified_gmt":"2021-07-27T07:25:02","slug":"ethical-code","status":"publish","type":"page","link":"https:\/\/www.neyret.com\/en\/ethical-code\/","title":{"rendered":"Ethical charter"},"content":{"rendered":"<h1>CODE \u00c9THIQUE DE LA SOCI\u00c9T\u00c9 NTI<\/h1>\n<p>La pr\u00e9sente charte sociale et \u00e9thique s&#8217;applique pour tous les sous-traitants, fournisseurs et partenaire de la soci\u00e9t\u00e9 NTI.<\/p>\n<h3>Principe No. 1 : DROITS DE L\u2019HOMME:<\/h3>\n<p>Les sous-traitants sont invit\u00e9es \u00e0 promouvoir et \u00e0 respecter la protection du droit international relatif aux droits de l\u2019Homme dans leur sph\u00e8re d\u2019influence et \u00e0 veiller \u00e0 ce que leurs propres soci\u00e9t\u00e9s et partenaires ne se rendent pas complices de violations des droits de l\u2019Homme, et tout particuli\u00e8rement des droits des Enfants. La d\u00e9marche de NTI s\u2019appuie notamment sur le respect de la D\u00e9claration Universelle des droits de l\u2019Homme, la D\u00e9claration de l\u2019Organisation Internationale du Travail (OIT) sur les droits fondamentaux au travail, ainsi que les principes directeurs de l\u2019OCDE.<\/p>\n<h3>Principe No. 2 DROIT DU TRAVAIL:<\/h3>\n<p>Les sous-traitants sont invit\u00e9es \u00e0 veiller \u00e0 l\u2019\u00e9limination de toutes les formes de travail forc\u00e9 ou obligatoire, \u00e0 l&#8217;interdiction de toute discrimination, de harc\u00e8lement et de violences physiques ou psychologiques; les sous-traitants sont invit\u00e9es \u00e0 veiller \u00e0 l\u2019abolition effective du travail des enfants ; \u00e0 l\u2019\u00e9limination de la discrimination en mati\u00e8re d\u2019emploi et de profession. Les sous-traitants doivent appliquer des salaires, avantages et conditions de travail d\u00e9cents ; ils doivent garantir aux travailleurs une dur\u00e9e de travail en accord avec les normes internationales et la loi locale. Les sous-traitants sont invit\u00e9s \u00e0 respecter la libert\u00e9 d\u2019association et \u00e0 reconnaitre le droit \u00e0 la n\u00e9gociation collective.<\/p>\n<h3>Principe No. 3 SANTE, HYGIENE ET SECURITE :<\/h3>\n<p>Les sous-traitants doivent garantir que toutes les dispositions n\u00e9cessaires sont prises en mati\u00e8re de sant\u00e9, d&#8217;hygi\u00e8ne et de s\u00e9curit\u00e9 sur le lieu de travail, notamment afin de couvrir les conditions particuli\u00e8res propres \u00e0 leur secteur d&#8217;activit\u00e9 et aux dangers y aff\u00e9rant, et ceci, conform\u00e9ment aux principes et aux obligations l\u00e9gales et r\u00e8glementaires applicables en mati\u00e8re de sant\u00e9 et de s\u00e9curit\u00e9, issus des r\u00e8glementations locales et internationales.<\/p>\n<h3>Principe No. 4 : ENVIRONNEMENT :<\/h3>\n<p>Les sous-traitants sont invit\u00e9s \u00e0 appliquer le principe de pr\u00e9caution face aux probl\u00e8mes touchant \u00e0 l\u2019environnement. A cet effet, ils devront mettre en \u0153uvre des initiatives tendant \u00e0 promouvoir une plus grande responsabilit\u00e9 en mati\u00e8re d\u2019environnement ; et \u00e0 favoriser la mise au point et la diffusion de technologies respectueuses de l\u2019environnement. Les sous-traitants devront respecter les normes locales et internationales, notamment propres \u00e0 leurs activit\u00e9s, relatives \u00e0 la protection de l&#8217;environnement, que ces normes aient un caract\u00e8re pr\u00e9ventif ou correctif. Ils devront respecter le r\u00e8glement europ\u00e9en REACH (r\u00e8glement n\u00b01907\/2006) entr\u00e9 en vigueur en 2007 pour s\u00e9curiser la fabrication et l\u2019utilisation des substances chimiques dans l\u2019industrie europ\u00e9enne et dont l&#8217;objectif est de prot\u00e9ger la sant\u00e9 humaine et l\u2019environnement face aux risques potentiels des substances chimiques. De m\u00eame, ils devront suivre les recommandations de la soci\u00e9t\u00e9 NTI relatives \u00e0 des normes environnementales et de sant\u00e9 publique sp\u00e9cifiques, communiqu\u00e9es au cas par cas.<\/p>\n<h3>Principe No. 5 : LUTTE CONTRE LA CORRUPTION<\/h3>\n<p>Les sous-traitants sont invit\u00e9s \u00e0 agir contre la corruption sous toutes ses formes, y compris l\u2019extorsion de fonds et les pots-de-vin. Toute r\u00e9tribution directe ou indirecte de personnes ayant un pouvoir de d\u00e9cision \u00e0 quelque niveau que ce soit et dans quelque organisation que ce soit, publique ou priv\u00e9e, gouvernementale ou autre, est strictement interdite, quels qu\u2019en soient l\u2019objet et la forme.<\/p>\n<h3>Principe No. 6 : RESPECT DE LA L\u00c9GALIT\u00c9<\/h3>\n<p>Chaque sous-traitant doit veiller au respect des l\u00e9gislations en vigueur dans le pays de sa soci\u00e9t\u00e9 et de celles des pays dans lesquels sont localis\u00e9s ses \u00e9ventuels sites de production. Il doit notamment s\u2019interdire toute activit\u00e9, tout comportement, tout accord ou partenariat pouvant l\u2019entra\u00eener ou entra\u00eener, directement ou indirectement, NTI ou l\u2019un des collaborateurs de NTI dans une pratique illicite, et porter atteinte \u00e0 l\u2019image de NTI. Chaque sous-traitant s\u2019engage \u00e9galement \u00e0 respecter toutes les lois nationales et tous les trait\u00e9s internationaux en vigueur en ce qui concerne la fiscalit\u00e9, l&#8217;importation et l&#8217;exportation de produits, la libre concurrence, la propri\u00e9t\u00e9 industrielle et intellectuelle, et le droit des affaires en g\u00e9n\u00e9ral.<\/p>\n<h3>Principe No. 7 : ORIGINE DES PRODUITS<\/h3>\n<p>Le sous-traitant d\u00e9clare que l&#8217;attestation d&#8217;origine des produits qu&#8217;il s&#8217;engage \u00e0 fournir \u00e0 la soci\u00e9t\u00e9 NTI pour chaque livraison est sinc\u00e8re et v\u00e9ritable, cette attestation pourra correspondre soit au certificat d&#8217;origine officiel existant en application d&#8217;accords entre les pays concern\u00e9s, soit \u00e0 une mention d\u00e9clarative figurant sur la facture et\/ou le bon de livraison, soit sur tout autre document commercial dans lequel la description des marchandises concern\u00e9es est suffisamment d\u00e9taill\u00e9e pour permettre leur identification.<\/p>\n","protected":false},"excerpt":{"rendered":"<p>CODE \u00c9THIQUE DE LA SOCI\u00c9T\u00c9 NTI La pr\u00e9sente charte sociale et \u00e9thique s&#8217;applique pour tous les sous-traitants, fournisseurs et partenaire de la soci\u00e9t\u00e9 NTI. Principe No. 1 : DROITS DE L\u2019HOMME: Les sous-traitants sont invit\u00e9es \u00e0 promouvoir et \u00e0 respecter la protection du droit international relatif aux droits de l\u2019Homme dans leur sph\u00e8re d\u2019influence et [&hellip;]<\/p>\n","protected":false},"author":3,"featured_media":0,"parent":0,"menu_order":0,"comment_status":"closed","ping_status":"closed","template":"page-templates\/page-company.php","meta":{"_acf_changed":false,"footnotes":""},"class_list":["post-1564","page","type-page","status-publish","hentry"],"acf":[],"yoast_head":"<!-- This site is optimized with the Yoast SEO plugin v19.14 - https:\/\/yoast.com\/wordpress\/plugins\/seo\/ -->\n<title>NEYRET - Ethical charter<\/title>\n<meta name=\"robots\" content=\"index, follow, max-snippet:-1, max-image-preview:large, max-video-preview:-1\" \/>\n<link rel=\"canonical\" href=\"https:\/\/www.neyret.com\/en\/ethical-code\/\" \/>\n<meta property=\"og:locale\" content=\"en_US\" \/>\n<meta property=\"og:type\" content=\"article\" \/>\n<meta property=\"og:title\" content=\"NEYRET - Ethical charter\" \/>\n<meta property=\"og:description\" content=\"CODE \u00c9THIQUE DE LA SOCI\u00c9T\u00c9 NTI La pr\u00e9sente charte sociale et \u00e9thique s&#8217;applique pour tous les sous-traitants, fournisseurs et partenaire de la soci\u00e9t\u00e9 NTI. Principe No. 1 : DROITS DE L\u2019HOMME: Les sous-traitants sont invit\u00e9es \u00e0 promouvoir et \u00e0 respecter la protection du droit international relatif aux droits de l\u2019Homme dans leur sph\u00e8re d\u2019influence et [&hellip;]\" \/>\n<meta property=\"og:url\" content=\"https:\/\/www.neyret.com\/en\/ethical-code\/\" \/>\n<meta property=\"og:site_name\" content=\"NEYRET\" \/>\n<meta property=\"article:modified_time\" content=\"2021-07-27T07:25:02+00:00\" \/>\n<meta name=\"twitter:card\" content=\"summary_large_image\" \/>\n<meta name=\"twitter:site\" content=\"@NeyretTextile\" \/>\n<meta name=\"twitter:label1\" content=\"Est. reading time\" \/>\n\t<meta name=\"twitter:data1\" content=\"4 minutes\" \/>\n<script type=\"application\/ld+json\" class=\"yoast-schema-graph\">{\"@context\":\"https:\/\/schema.org\",\"@graph\":[{\"@type\":\"WebPage\",\"@id\":\"https:\/\/www.neyret.com\/en\/ethical-code\/\",\"url\":\"https:\/\/www.neyret.com\/en\/ethical-code\/\",\"name\":\"NEYRET - Ethical charter\",\"isPartOf\":{\"@id\":\"https:\/\/www.neyret.com\/#website\"},\"datePublished\":\"2016-12-09T15:45:32+00:00\",\"dateModified\":\"2021-07-27T07:25:02+00:00\",\"breadcrumb\":{\"@id\":\"https:\/\/www.neyret.com\/en\/ethical-code\/#breadcrumb\"},\"inLanguage\":\"en-US\",\"potentialAction\":[{\"@type\":\"ReadAction\",\"target\":[\"https:\/\/www.neyret.com\/en\/ethical-code\/\"]}]},{\"@type\":\"BreadcrumbList\",\"@id\":\"https:\/\/www.neyret.com\/en\/ethical-code\/#breadcrumb\",\"itemListElement\":[{\"@type\":\"ListItem\",\"position\":1,\"name\":\"Accueil\",\"item\":\"https:\/\/www.neyret.com\/en\/\"},{\"@type\":\"ListItem\",\"position\":2,\"name\":\"Ethical charter\"}]},{\"@type\":\"WebSite\",\"@id\":\"https:\/\/www.neyret.com\/#website\",\"url\":\"https:\/\/www.neyret.com\/\",\"name\":\"NEYRET\",\"description\":\"Tisseur d&#039;innovation\",\"potentialAction\":[{\"@type\":\"SearchAction\",\"target\":{\"@type\":\"EntryPoint\",\"urlTemplate\":\"https:\/\/www.neyret.com\/?s={search_term_string}\"},\"query-input\":\"required name=search_term_string\"}],\"inLanguage\":\"en-US\"}]}<\/script>\n<!-- \/ Yoast SEO plugin. -->","yoast_head_json":{"title":"NEYRET - Ethical charter","robots":{"index":"index","follow":"follow","max-snippet":"max-snippet:-1","max-image-preview":"max-image-preview:large","max-video-preview":"max-video-preview:-1"},"canonical":"https:\/\/www.neyret.com\/en\/ethical-code\/","og_locale":"en_US","og_type":"article","og_title":"NEYRET - Ethical charter","og_description":"CODE \u00c9THIQUE DE LA SOCI\u00c9T\u00c9 NTI La pr\u00e9sente charte sociale et \u00e9thique s&#8217;applique pour tous les sous-traitants, fournisseurs et partenaire de la soci\u00e9t\u00e9 NTI. Principe No. 1 : DROITS DE L\u2019HOMME: Les sous-traitants sont invit\u00e9es \u00e0 promouvoir et \u00e0 respecter la protection du droit international relatif aux droits de l\u2019Homme dans leur sph\u00e8re d\u2019influence et [&hellip;]","og_url":"https:\/\/www.neyret.com\/en\/ethical-code\/","og_site_name":"NEYRET","article_modified_time":"2021-07-27T07:25:02+00:00","twitter_card":"summary_large_image","twitter_site":"@NeyretTextile","twitter_misc":{"Est. reading time":"4 minutes"},"schema":{"@context":"https:\/\/schema.org","@graph":[{"@type":"WebPage","@id":"https:\/\/www.neyret.com\/en\/ethical-code\/","url":"https:\/\/www.neyret.com\/en\/ethical-code\/","name":"NEYRET - Ethical charter","isPartOf":{"@id":"https:\/\/www.neyret.com\/#website"},"datePublished":"2016-12-09T15:45:32+00:00","dateModified":"2021-07-27T07:25:02+00:00","breadcrumb":{"@id":"https:\/\/www.neyret.com\/en\/ethical-code\/#breadcrumb"},"inLanguage":"en-US","potentialAction":[{"@type":"ReadAction","target":["https:\/\/www.neyret.com\/en\/ethical-code\/"]}]},{"@type":"BreadcrumbList","@id":"https:\/\/www.neyret.com\/en\/ethical-code\/#breadcrumb","itemListElement":[{"@type":"ListItem","position":1,"name":"Accueil","item":"https:\/\/www.neyret.com\/en\/"},{"@type":"ListItem","position":2,"name":"Ethical charter"}]},{"@type":"WebSite","@id":"https:\/\/www.neyret.com\/#website","url":"https:\/\/www.neyret.com\/","name":"NEYRET","description":"Tisseur d&#039;innovation","potentialAction":[{"@type":"SearchAction","target":{"@type":"EntryPoint","urlTemplate":"https:\/\/www.neyret.com\/?s={search_term_string}"},"query-input":"required name=search_term_string"}],"inLanguage":"en-US"}]}},"_links":{"self":[{"href":"https:\/\/www.neyret.com\/en\/wp-json\/wp\/v2\/pages\/1564"}],"collection":[{"href":"https:\/\/www.neyret.com\/en\/wp-json\/wp\/v2\/pages"}],"about":[{"href":"https:\/\/www.neyret.com\/en\/wp-json\/wp\/v2\/types\/page"}],"author":[{"embeddable":true,"href":"https:\/\/www.neyret.com\/en\/wp-json\/wp\/v2\/users\/3"}],"replies":[{"embeddable":true,"href":"https:\/\/www.neyret.com\/en\/wp-json\/wp\/v2\/comments?post=1564"}],"version-history":[{"count":9,"href":"https:\/\/www.neyret.com\/en\/wp-json\/wp\/v2\/pages\/1564\/revisions"}],"predecessor-version":[{"id":6114,"href":"https:\/\/www.neyret.com\/en\/wp-json\/wp\/v2\/pages\/1564\/revisions\/6114"}],"wp:attachment":[{"href":"https:\/\/www.neyret.com\/en\/wp-json\/wp\/v2\/media?parent=1564"}],"curies":[{"name":"wp","href":"https:\/\/api.w.org\/{rel}","templated":true}]}}